{"id":148,"date":"2024-09-24T10:20:25","date_gmt":"2024-09-24T08:20:25","guid":{"rendered":"https:\/\/panel.hyroes.com\/?post_type=product&#038;p=148"},"modified":"2024-09-24T10:20:25","modified_gmt":"2024-09-24T08:20:25","slug":"obsluga-facebook-ads-zalegla-platnosc","status":"publish","type":"product","link":"https:\/\/panel.hyroes.com\/en\/produkt\/obsluga-facebook-ads-zalegla-platnosc\/","title":{"rendered":"Obs\u0142uga Facebook Ads &#8211; Zaleg\u0142a p\u0142atno\u015b\u0107"},"content":{"rendered":"","protected":false},"excerpt":{"rendered":"","protected":false},"featured_media":0,"template":"","meta":[],"product_brand":[],"product_cat":[15],"product_tag":[],"class_list":{"0":"post-148","1":"product","2":"type-product","3":"status-publish","5":"product_cat-bez-kategorii","7":"first","8":"instock","9":"taxable","10":"shipping-taxable","11":"purchasable","12":"product-type-simple"},"_links":{"self":[{"href":"https:\/\/panel.hyroes.com\/en\/wp-json\/wp\/v2\/product\/148","targetHints":{"allow":["GET"]}}],"collection":[{"href":"https:\/\/panel.hyroes.com\/en\/wp-json\/wp\/v2\/product"}],"about":[{"href":"https:\/\/panel.hyroes.com\/en\/wp-json\/wp\/v2\/types\/product"}],"wp:attachment":[{"href":"https:\/\/panel.hyroes.com\/en\/wp-json\/wp\/v2\/media?parent=148"}],"wp:term":[{"taxonomy":"product_brand","embeddable":true,"href":"https:\/\/panel.hyroes.com\/en\/wp-json\/wp\/v2\/product_brand?post=148"},{"taxonomy":"product_cat","embeddable":true,"href":"https:\/\/panel.hyroes.com\/en\/wp-json\/wp\/v2\/product_cat?post=148"},{"taxonomy":"product_tag","embeddable":true,"href":"https:\/\/panel.hyroes.com\/en\/wp-json\/wp\/v2\/product_tag?post=148"}],"curies":[{"name":"wp","href":"https:\/\/api.w.org\/{rel}","templated":true}]}}