{"id":226,"date":"2025-05-05T20:22:56","date_gmt":"2025-05-05T18:22:56","guid":{"rendered":"https:\/\/panel.hyroes.com\/?post_type=product&#038;p=226"},"modified":"2025-05-05T20:26:00","modified_gmt":"2025-05-05T18:26:00","slug":"obsluga-hosting-socialflow","status":"publish","type":"product","link":"https:\/\/panel.hyroes.com\/en\/produkt\/obsluga-hosting-socialflow\/","title":{"rendered":"Obs\u0142uga + Hosting SocialFlow"},"content":{"rendered":"<h1 class=\"text-2xl font-bold mt-1 text-text-100\">Pakiet hostingowy Premium<\/h1>\n<p class=\"whitespace-pre-wrap break-words\">Zaawansowane rozwi\u0105zanie hostingowe zaprojektowane z my\u015bl\u0105 o wymagaj\u0105cych sklepach internetowych. Oferujemy dedykowane zasoby z 12 vCPU, 64 GB RAM i 100 GB przestrzeni na szybkim dysku SSD, gwarantuj\u0105c niezawodno\u015b\u0107 dzia\u0142ania na poziomie 99,99%. Ciesz si\u0119 nielimitowanym transferem danych, regularnymi kopiami zapasowymi oraz profesjonalnym wsparciem technicznym z czasem reakcji do 3 godzin w dni robocze. Serwery zlokalizowane w UE zapewniaj\u0105 pe\u0142n\u0105 zgodno\u015b\u0107 z przepisami RODO, a Ty mo\u017cesz skupi\u0107 si\u0119 na rozwijaniu swojego biznesu, pozostawiaj\u0105c kwestie techniczne nam.<\/p>\n<hr \/>\n<p class=\"whitespace-pre-wrap break-words\">\n","protected":false},"excerpt":{"rendered":"<p>Pakiet hostingowy Premium Zaawansowane rozwi\u0105zanie hostingowe zaprojektowane z my\u015bl\u0105 o wymagaj\u0105cych sklepach internetowych. Oferujemy dedykowane zasoby z 12 vCPU, 64 GB RAM i 100 GB przestrzeni na szybkim dysku SSD, gwarantuj\u0105c niezawodno\u015b\u0107 dzia\u0142ania na poziomie 99,99%. Ciesz si\u0119 nielimitowanym transferem danych, regularnymi kopiami zapasowymi oraz profesjonalnym wsparciem technicznym z czasem reakcji do 3 godzin w [&hellip;]<\/p>\n","protected":false},"featured_media":0,"template":"","meta":[],"product_brand":[],"product_cat":[15],"product_tag":[],"class_list":{"0":"post-226","1":"product","2":"type-product","3":"status-publish","5":"product_cat-bez-kategorii","7":"first","8":"instock","9":"virtual","10":"sold-individually","11":"taxable","12":"purchasable","13":"product-type-subscription"},"_links":{"self":[{"href":"https:\/\/panel.hyroes.com\/en\/wp-json\/wp\/v2\/product\/226","targetHints":{"allow":["GET"]}}],"collection":[{"href":"https:\/\/panel.hyroes.com\/en\/wp-json\/wp\/v2\/product"}],"about":[{"href":"https:\/\/panel.hyroes.com\/en\/wp-json\/wp\/v2\/types\/product"}],"wp:attachment":[{"href":"https:\/\/panel.hyroes.com\/en\/wp-json\/wp\/v2\/media?parent=226"}],"wp:term":[{"taxonomy":"product_brand","embeddable":true,"href":"https:\/\/panel.hyroes.com\/en\/wp-json\/wp\/v2\/product_brand?post=226"},{"taxonomy":"product_cat","embeddable":true,"href":"https:\/\/panel.hyroes.com\/en\/wp-json\/wp\/v2\/product_cat?post=226"},{"taxonomy":"product_tag","embeddable":true,"href":"https:\/\/panel.hyroes.com\/en\/wp-json\/wp\/v2\/product_tag?post=226"}],"curies":[{"name":"wp","href":"https:\/\/api.w.org\/{rel}","templated":true}]}}